{"id":21,"date":"2024-09-09T13:25:47","date_gmt":"2024-09-09T11:25:47","guid":{"rendered":"https:\/\/openobd.com\/?page_id=21"},"modified":"2024-10-23T15:37:38","modified_gmt":"2024-10-23T13:37:38","slug":"uber-openobd","status":"publish","type":"page","link":"https:\/\/openobd.com\/de\/about-openobd\/","title":{"rendered":"\u00dcber openOBD"},"content":{"rendered":"<h2 class=\"wp-block-heading\">Ferndiagnose mit Ihrer ma\u00dfgeschneiderten Automatisierung<\/h2>\n\n\n\n<p>Mit openOBD k\u00f6nnen Sie den OBD2-Anschluss eines entfernten Fahrzeugs \u00fcber das Internet mit Ihrer privaten Cloud verbinden. Dies erm\u00f6glicht es Ihnen, benutzerdefinierte Diagnoseroutinen \u00fcber die Cloud-Infrastruktur von Jifeline Networks auszuf\u00fchren. Erstellen Sie gef\u00fchrte Diagnoseverfahren in Ihrer bevorzugten Programmiersprache und nutzen Sie Ihr eigenes Diagnosewissen. Partner von Jifeline Networks k\u00f6nnen mit openOBD die Effizienz ihrer Techniker steigern.<\/p>\n\n\n\n<p>Das bedeutet, dass Sie anstelle eines lokalen, mit dem Diagnosewerkzeug verbundenen Helpdesks Skripte verwenden, um automatisierte gef\u00fchrte Verfahren durchzuf\u00fchren. Auf diese Weise k\u00f6nnen Sie komplexe Reparatur- und Wartungsverfahren vereinfachen und Ihr Team von Bedienern unterst\u00fctzen.<\/p>\n\n\n\n<br>\n\n\n\n<hr class=\"wp-block-separator has-text-color has-alpha-channel-opacity has-background\" style=\"background-color:#e50d6d;color:#e50d6d\"\/>\n\n\n\n<br>\n\n\n\n<h3 class=\"wp-block-heading\">Die Herausforderung<\/h3>\n\n\n\n<p>Heutige Fahrzeuge weisen eine komplexe elektronische Architektur auf, die spezielle Kenntnisse in den Bereichen Codierung, Programmierung und Kalibrierung erfordert. Die hohen Kosten und die schnelle Entwicklung der Diagnoseger\u00e4te stellen viele Werkst\u00e4tten vor gro\u00dfe Herausforderungen. Die Ferndiagnose bietet eine vielversprechende L\u00f6sung durch die Optimierung von Diagnosewerkzeugen und -wissen. Das derzeitige Modell, das f\u00fcr jede Ferndiagnose spezielle Werkzeuge und Mitarbeiter ben\u00f6tigt, ist jedoch nur begrenzt effizient.<\/p>\n\n\n\n<br>\n\n\n\n<hr class=\"wp-block-separator has-text-color has-alpha-channel-opacity has-background\" style=\"background-color:#e50d6d;color:#e50d6d\"\/>\n\n\n\n<br>\n\n\n\n<h3 class=\"wp-block-heading\">Die L\u00f6sung<\/h3>\n\n\n\n<p>Um diese Herausforderungen zu meistern, stellt Jifeline Networks openOBD vor. Diese innovative Technologie erm\u00f6glicht es Ihnen, benutzerdefinierte Diagnoseverfahren zu erstellen, die die OBD2-Kommunikation direkt steuern. Durch die Automatisierung von Routineaufgaben und die Rationalisierung von Arbeitsabl\u00e4ufen hilft openOBD den Werkst\u00e4tten, ihre Abl\u00e4ufe zu optimieren und sich auf komplexe Probleme zu konzentrieren.<\/p>\n\n\n\n<br>\n\n\n\n<hr class=\"wp-block-separator has-text-color has-alpha-channel-opacity has-background\" style=\"background-color:#e50d6d;color:#e50d6d\"\/>\n\n\n\n<br>\n\n\n\n<h3 class=\"wp-block-heading\">Warum openOBD?<\/h3>\n\n\n\n<p>Remote-Service-Anbieter k\u00f6nnen Diagnoseroutinen nahtlos in ihre t\u00e4glichen Arbeitsabl\u00e4ufe integrieren, z. B. durch die Automatisierung g\u00e4ngiger Diagnoseaufgaben und die Vermeidung von Wartezeiten, so dass sich Ihre Mitarbeiter auf komplexere Diagnosen konzentrieren k\u00f6nnen, oder durch die Erstellung automatischer Berichte und Fehlercodelesungen.<\/p>\n\n\n\n<br>\n\n\n\n<hr class=\"wp-block-separator has-text-color has-alpha-channel-opacity has-background\" style=\"background-color:#e50d6d;color:#e50d6d\"\/>\n\n\n\n<br>\n\n\n\n<h3 class=\"wp-block-heading\">Vereinfachen Sie komplexe Reparatur- und Wartungsverfahren<\/h3>\n\n\n\n<p>Mit openOBD k\u00f6nnen Sie sich direkt mit dem OBD2-Anschluss eines Fahrzeugs verbinden, indem Sie die Infrastruktur von Jifeline Networks anzapfen. So k\u00f6nnen Sie gef\u00fchrte Diagnoseverfahren (Automatisierte Funktionen) in Ihrer eigenen bevorzugten Programmiersprache erstellen.<\/p>\n\n\n\n<p>Kurz gesagt bedeutet dies, dass Sie anstelle eines lokalen, mit dem Diagnosewerkzeug verbundenen Ger\u00e4ts Skripte verwenden, um gef\u00fchrte Verfahren durchzuf\u00fchren. Auf diese Weise k\u00f6nnen Sie komplexe Reparatur- und Wartungsverfahren vereinfachen und Ihr Team von Bedienern unterst\u00fctzen.<\/p>","protected":false},"excerpt":{"rendered":"<p>Remote diagnostics with your custom-built automation With openOBD, you can connect a remote vehicle\u2019s OBD2 port to your private cloud via the internet. This enables you to run custom diagnostic routines using Jifeline Networks\u2019 cloud infrastructure. Create guided diagnostic procedures in your preferred programming language and leverage your proprietary diagnostic knowledge. Jifeline Networks partners can [&hellip;]<\/p>\n","protected":false},"author":1,"featured_media":740,"parent":0,"menu_order":0,"comment_status":"closed","ping_status":"closed","template":"","meta":{"footnotes":""},"soort-pagina":[12],"class_list":["post-21","page","type-page","status-publish","has-post-thumbnail","hentry","soort-pagina-standaard-contentpagina"],"_links":{"self":[{"href":"https:\/\/openobd.com\/de\/wp-json\/wp\/v2\/pages\/21","targetHints":{"allow":["GET"]}}],"collection":[{"href":"https:\/\/openobd.com\/de\/wp-json\/wp\/v2\/pages"}],"about":[{"href":"https:\/\/openobd.com\/de\/wp-json\/wp\/v2\/types\/page"}],"author":[{"embeddable":true,"href":"https:\/\/openobd.com\/de\/wp-json\/wp\/v2\/users\/1"}],"replies":[{"embeddable":true,"href":"https:\/\/openobd.com\/de\/wp-json\/wp\/v2\/comments?post=21"}],"version-history":[{"count":5,"href":"https:\/\/openobd.com\/de\/wp-json\/wp\/v2\/pages\/21\/revisions"}],"predecessor-version":[{"id":656,"href":"https:\/\/openobd.com\/de\/wp-json\/wp\/v2\/pages\/21\/revisions\/656"}],"wp:featuredmedia":[{"embeddable":true,"href":"https:\/\/openobd.com\/de\/wp-json\/wp\/v2\/media\/740"}],"wp:attachment":[{"href":"https:\/\/openobd.com\/de\/wp-json\/wp\/v2\/media?parent=21"}],"wp:term":[{"taxonomy":"soort-pagina","embeddable":true,"href":"https:\/\/openobd.com\/de\/wp-json\/wp\/v2\/soort-pagina?post=21"}],"curies":[{"name":"wp","href":"https:\/\/api.w.org\/{rel}","templated":true}]}}