{"id":23,"date":"2024-09-09T13:26:09","date_gmt":"2024-09-09T11:26:09","guid":{"rendered":"https:\/\/openobd.com\/?page_id=23"},"modified":"2024-10-08T08:55:02","modified_gmt":"2024-10-08T06:55:02","slug":"wie-es-funktioniert","status":"publish","type":"page","link":"https:\/\/openobd.com\/de\/about-openobd\/how-it-works\/","title":{"rendered":"Wie es funktioniert"},"content":{"rendered":"<h3><abbr title=\"gRPC ist eine von Google 2015 eingef\u00fchrte Remote Procedure Call-Technologie\">gRPC<\/abbr> basiert<\/h3>\n<p>Das openOBD-Projekt basiert auf einer bestehenden, quelloffenen Technologie: <abbr title=\"gRPC ist eine von Google 2015 eingef\u00fchrte Remote Procedure Call-Technologie\">gRPC<\/abbr> (eine von Google eingef\u00fchrte Remote Procedure Call-Technologie). Sie arbeitet nahtlos mit einer breiten Palette von Programmiersprachen zusammen, in denen Sie Ihre Diagnoseskripte entwickeln k\u00f6nnen.<\/p>\n<aside class=\"md-annotation\" tabindex=\"0\" data-md-visible=\"\"><\/aside>\n<p class=\"annotate\">Das openOBD-Projekt f\u00fcgt sich nahtlos in die bestehende Technologie von Jifeline Networks ein und erm\u00f6glicht Partnerunternehmen den Zugriff auf die On-Board-Diagnose von Fahrzeugen (<abbr title=\"On-Board-Diagnose\">OBD<\/abbr>) Ports aus der Ferne \u00fcber das Internet.<\/p>\n<p>Mit dem openOBD-Projekt bleiben Ihre diagnostischen Kreationen in Ihren H\u00e4nden. Da sich der Code in Ihrer eigenen Umgebung befindet, behalten Sie das vollst\u00e4ndige Eigentum an Ihrem geistigen Eigentum. Das bedeutet, dass Sie die Kontrolle dar\u00fcber behalten, wie Sie Ihr Wissen nutzen und weitergeben.<\/p>\n\n\n<br>\n\n\n\n<hr class=\"wp-block-separator has-text-color has-alpha-channel-opacity has-background\" style=\"background-color:#e5006d;color:#e5006d\"\/>\n\n\n\n<br>\n\n\n\n<h3 class=\"wp-block-heading\">Was sie bietet<\/h3>\n\n\n\n<p>Um dies zu erleichtern, bietet openOBD v1 neben dem eigentlichen Anschluss an das Fahrzeug;<\/p>\n\n\n\n<br>\n\n\n\n<ul class=\"wp-block-list\">\n<li>Die M\u00f6glichkeit zur Interaktion mit dem Techniker in der Werkstatt \u00fcber die Standard <code>xxx.obd.help<\/code> Webportal<\/li>\n<\/ul>\n\n\n\n<br>\n\n\n\n<ul class=\"wp-block-list\">\n<li>Metadaten \u00fcber die Fahrzeugverbindung, Batteriespannung, Qualit\u00e4t der Internetverbindung usw.<\/li>\n<\/ul>\n\n\n\n<br>\n\n\n\n<ul class=\"wp-block-list\">\n<li>Integration mit der Jifeline Partner API, z.B. um Ihre On-Board-Diagnose-Prozeduren in Ihren eigenen Tickets zu starten und die laufenden openOBD-Sitzungen zu verwalten<\/li>\n<\/ul>\n\n\n\n<br>\n\n\n\n<hr class=\"wp-block-separator has-text-color has-alpha-channel-opacity has-background\" style=\"background-color:#e5006d;color:#e5006d\"\/>\n\n\n\n<br>\n\n\n\n<h3 class=\"wp-block-heading\">Die Vorteile von openOBD<\/h3>\n\n\n\n<p>openOBD bietet eine Reihe von Vorteilen: Es verbessert die Effizienz Ihres Helpdesks, eliminiert die Notwendigkeit, auf die Unterst\u00fctzung durch einen Ferndiagnosetechniker zu warten, indem es g\u00e4ngige Verfahren automatisiert, verbessert Ihren Service gegen\u00fcber Ihren Kunden (z. B. durch das Hinzuf\u00fcgen von automatisch generierten Fehlercodeberichten zu jedem Ihrer Tickets) und k\u00f6nnte sogar zus\u00e4tzliche Einnahmen generieren, indem Sie diese Dienste an andere Partner verkaufen (einfach \u00fcber eine Insource\/Outsource-Beziehung). Au\u00dferdem verbessert es Ihren Ferndiagnose-Workflow, spart Zeit und bietet Ihren Kunden eine einheitliche Erfahrung.<\/p>\n\n\n\n<br>\n\n\n\n<h5 class=\"wp-block-heading\">Schnellerer Zugang, schnellere Korrekturen<\/h5>\n\n\n\n<p>Stellen Sie \u00fcber die Infrastruktur von Jifeline Networks eine direkte Verbindung mit dem OBD2-Anschluss Ihres Fahrzeugs her. Erstellen Sie benutzerdefinierte Diagnoseverfahren in Ihrer bevorzugten Programmiersprache, um Fernreparaturen zu rationalisieren und Ihr Team zu unterst\u00fctzen.<\/p>\n\n\n\n<br>\n\n\n\n<h5 class=\"wp-block-heading\">Effizienz steigern, Kunden begeistern<\/h5>\n\n\n\n<p>Revolutionieren Sie Ihren Helpdesk, automatisieren Sie Diagnoseaufgaben und beeindrucken Sie Ihre Kunden mit detaillierten Fehlercodeberichten. Erzielen Sie zus\u00e4tzliche Einnahmen, indem Sie Ihr Fachwissen mit Partnern teilen.<\/p>\n\n\n\n<br>\n\n\n\n<h5 class=\"wp-block-heading\">Offen, flexibel und sicher<\/h5>\n\n\n\n<p>Nutzen Sie die Leistungsf\u00e4higkeit der Open-Source gRPC-Technologie, um Ihre eigenen Diagnosel\u00f6sungen zu entwickeln und zu betreiben. Profitieren Sie von der nahtlosen Integration mit Jifeline Networks und behalten Sie gleichzeitig die vollst\u00e4ndige Kontrolle \u00fcber Ihr geistiges Eigentum.<\/p>\n\n\n\n<br>\n\n\n\n<hr class=\"wp-block-separator has-text-color has-alpha-channel-opacity has-background\" style=\"background-color:#e5006d;color:#e5006d\"\/>\n\n\n\n<br>\n\n\n\n<figure class=\"wp-block-image size-full\"><img fetchpriority=\"high\" decoding=\"async\" width=\"702\" height=\"443\" src=\"https:\/\/openobd.com\/wp-content\/uploads\/2024\/09\/openobd-flow.png\" alt=\"\" class=\"wp-image-683\" srcset=\"https:\/\/openobd.com\/wp-content\/uploads\/2024\/09\/openobd-flow.png 702w, https:\/\/openobd.com\/wp-content\/uploads\/2024\/09\/openobd-flow-300x189.png 300w, https:\/\/openobd.com\/wp-content\/uploads\/2024\/09\/openobd-flow-18x12.png 18w\" sizes=\"(max-width: 702px) 100vw, 702px\" \/><\/figure>","protected":false},"excerpt":{"rendered":"<p>gRPC based The openOBD project is built around an existing, open-source, technology: gRPC (a Remote Procedure Call technology introduced by Google). It works seamlessly together with a wide range of programming languages in which you can develop your diagnostic scripts. The openOBD project seamlessly integrates with the existing technology of Jifeline Networks, enabling partner companies [&hellip;]<\/p>\n","protected":false},"author":1,"featured_media":761,"parent":21,"menu_order":0,"comment_status":"closed","ping_status":"closed","template":"","meta":{"footnotes":""},"soort-pagina":[12],"class_list":["post-23","page","type-page","status-publish","has-post-thumbnail","hentry","soort-pagina-standaard-contentpagina"],"_links":{"self":[{"href":"https:\/\/openobd.com\/de\/wp-json\/wp\/v2\/pages\/23","targetHints":{"allow":["GET"]}}],"collection":[{"href":"https:\/\/openobd.com\/de\/wp-json\/wp\/v2\/pages"}],"about":[{"href":"https:\/\/openobd.com\/de\/wp-json\/wp\/v2\/types\/page"}],"author":[{"embeddable":true,"href":"https:\/\/openobd.com\/de\/wp-json\/wp\/v2\/users\/1"}],"replies":[{"embeddable":true,"href":"https:\/\/openobd.com\/de\/wp-json\/wp\/v2\/comments?post=23"}],"version-history":[{"count":5,"href":"https:\/\/openobd.com\/de\/wp-json\/wp\/v2\/pages\/23\/revisions"}],"predecessor-version":[{"id":727,"href":"https:\/\/openobd.com\/de\/wp-json\/wp\/v2\/pages\/23\/revisions\/727"}],"up":[{"embeddable":true,"href":"https:\/\/openobd.com\/de\/wp-json\/wp\/v2\/pages\/21"}],"wp:featuredmedia":[{"embeddable":true,"href":"https:\/\/openobd.com\/de\/wp-json\/wp\/v2\/media\/761"}],"wp:attachment":[{"href":"https:\/\/openobd.com\/de\/wp-json\/wp\/v2\/media?parent=23"}],"wp:term":[{"taxonomy":"soort-pagina","embeddable":true,"href":"https:\/\/openobd.com\/de\/wp-json\/wp\/v2\/soort-pagina?post=23"}],"curies":[{"name":"wp","href":"https:\/\/api.w.org\/{rel}","templated":true}]}}