{"id":25,"date":"2024-09-09T13:26:20","date_gmt":"2024-09-09T11:26:20","guid":{"rendered":"https:\/\/openobd.com\/?page_id=25"},"modified":"2025-10-02T13:21:57","modified_gmt":"2025-10-02T11:21:57","slug":"fur-wen","status":"publish","type":"page","link":"https:\/\/openobd.com\/de\/about-openobd\/for-whom\/","title":{"rendered":"F\u00fcr wen"},"content":{"rendered":"<h3 class=\"wp-block-heading\">Keine sich wiederholenden Aufgaben mehr!<\/h3>\n\n\n\n<p>OpenOBD ist aus unserer Erfahrung im Bereich der Ferndiagnose entstanden. Viele der Aufgaben, die Ferndiagnoseanbieter tagt\u00e4glich erledigen, sind von Natur aus repetitiv. Das macht sie zeitaufwendig, m\u00fchsam und die Bediener m\u00fcssen sie immer wieder durchf\u00fchren.<\/p>\n\n\n\n<p>Jifeline Networks hat diese innovative Technologie nun auch f\u00fcr Dritte zug\u00e4nglich gemacht.<\/p>\n\n\n\n<p>Der openOBD-Dienst basiert auf der gRPC-Technologie. Mit gRPC k\u00f6nnen Sie automatisierte und gef\u00fchrte Diagnoseverfahren erstellen, die die Effizienz und Zuverl\u00e4ssigkeit Ihres Ferndiagnosedienstes verbessern.<\/p>\n\n\n\n<br>\n\n\n\n<hr class=\"wp-block-separator has-text-color has-alpha-channel-opacity has-background\" style=\"background-color:#e5006d;color:#e5006d\"\/>\n\n\n\n<br>\n\n\n\n<h3 class=\"wp-block-heading\">F\u00fcr wen? <\/h3>\n\n\n\n<p>OpenOBD wurde f\u00fcr Diagnostikunternehmen entwickelt, die ihr geistiges Eigentum mit einem gro\u00dfen Netzwerk von Kunden teilen m\u00f6chten.  <\/p>\n\n\n\n<br>\n\n\n\n<hr class=\"wp-block-separator has-text-color has-alpha-channel-opacity has-background\" style=\"background-color:#e5006d;color:#e5006d\"\/>\n\n\n\n<br>","protected":false},"excerpt":{"rendered":"<p>No more repetitive tasks! OpenOBD originates form our experience in the field of Remote Diagnostics. Many of the tasks that Remote Service Suppliers do on a daily basis are repetitive in their nature. This makes them time consuming, tedious and operators need to do them over and over again. Jifeline Networks has now made this [&hellip;]<\/p>\n","protected":false},"author":1,"featured_media":762,"parent":21,"menu_order":0,"comment_status":"closed","ping_status":"closed","template":"","meta":{"footnotes":""},"soort-pagina":[12],"class_list":["post-25","page","type-page","status-publish","has-post-thumbnail","hentry","soort-pagina-standaard-contentpagina"],"_links":{"self":[{"href":"https:\/\/openobd.com\/de\/wp-json\/wp\/v2\/pages\/25","targetHints":{"allow":["GET"]}}],"collection":[{"href":"https:\/\/openobd.com\/de\/wp-json\/wp\/v2\/pages"}],"about":[{"href":"https:\/\/openobd.com\/de\/wp-json\/wp\/v2\/types\/page"}],"author":[{"embeddable":true,"href":"https:\/\/openobd.com\/de\/wp-json\/wp\/v2\/users\/1"}],"replies":[{"embeddable":true,"href":"https:\/\/openobd.com\/de\/wp-json\/wp\/v2\/comments?post=25"}],"version-history":[{"count":5,"href":"https:\/\/openobd.com\/de\/wp-json\/wp\/v2\/pages\/25\/revisions"}],"predecessor-version":[{"id":865,"href":"https:\/\/openobd.com\/de\/wp-json\/wp\/v2\/pages\/25\/revisions\/865"}],"up":[{"embeddable":true,"href":"https:\/\/openobd.com\/de\/wp-json\/wp\/v2\/pages\/21"}],"wp:featuredmedia":[{"embeddable":true,"href":"https:\/\/openobd.com\/de\/wp-json\/wp\/v2\/media\/762"}],"wp:attachment":[{"href":"https:\/\/openobd.com\/de\/wp-json\/wp\/v2\/media?parent=25"}],"wp:term":[{"taxonomy":"soort-pagina","embeddable":true,"href":"https:\/\/openobd.com\/de\/wp-json\/wp\/v2\/soort-pagina?post=25"}],"curies":[{"name":"wp","href":"https:\/\/api.w.org\/{rel}","templated":true}]}}