{"id":27,"date":"2024-09-09T13:26:29","date_gmt":"2024-09-09T11:26:29","guid":{"rendered":"https:\/\/openobd.com\/?page_id=27"},"modified":"2024-10-09T15:25:47","modified_gmt":"2024-10-09T13:25:47","slug":"dokumentation","status":"publish","type":"page","link":"https:\/\/openobd.com\/de\/documentation\/","title":{"rendered":"Dokumentation"},"content":{"rendered":"<h3 class=\"wp-block-heading\">F\u00fcr die Partner von Jifeline Networks<\/h3>\n\n\n\n<p>Die Partner von Jifeline Networks finden auf der Entwicklerplattform eine umfangreiche Dokumentation. <\/p>\n\n\n\n<ul class=\"wp-block-list\">\n<li>Schnellstart-Anleitung<\/li>\n\n\n\n<li>Welche Techniken sind zu verwenden?<\/li>\n\n\n\n<li>Wie man die Techniken anwendet<\/li>\n\n\n\n<li>Anwendungsf\u00e4lle<\/li>\n\n\n\n<li>Funktionsaufrufe, die Sie bei der Skripterstellung machen k\u00f6nnen<\/li>\n\n\n\n<li>Und vieles mehr<\/li>\n<\/ul>\n\n\n\n<br>\n\n\n\n<hr class=\"wp-block-separator has-text-color has-alpha-channel-opacity has-background\" style=\"background-color:#e5006d;color:#e5006d\"\/>\n\n\n\n<br>\n\n\n\n<h3 class=\"wp-block-heading\">Fragen im Forum stellen<\/h3>\n\n\n\n<p>Die Entwicklerplattform enth\u00e4lt ein Forum, in dem Entwickler Fragen stellen k\u00f6nnen, wenn sie auf Dinge sto\u00dfen, die sie nicht selbst herausfinden k\u00f6nnen. <\/p>\n\n\n\n<div class=\"wp-block-buttons is-layout-flex wp-block-buttons-is-layout-flex\"><\/div>\n\n\n\n<p><\/p>","protected":false},"excerpt":{"rendered":"<p>F\u00fcr Jifeline Networks Partner Jifeline Networks Partner finden eine Menge Dokumentation auf der Entwicklerplattform. Fragen im Forum stellen Die Entwicklerplattform enth\u00e4lt ein Forum, in dem Entwickler Fragen stellen k\u00f6nnen, wenn sie auf Dinge sto\u00dfen, die sie nicht selbst herausfinden k\u00f6nnen.<\/p>","protected":false},"author":1,"featured_media":733,"parent":0,"menu_order":0,"comment_status":"closed","ping_status":"closed","template":"","meta":{"footnotes":""},"soort-pagina":[12],"class_list":["post-27","page","type-page","status-publish","has-post-thumbnail","hentry","soort-pagina-standaard-contentpagina"],"_links":{"self":[{"href":"https:\/\/openobd.com\/de\/wp-json\/wp\/v2\/pages\/27","targetHints":{"allow":["GET"]}}],"collection":[{"href":"https:\/\/openobd.com\/de\/wp-json\/wp\/v2\/pages"}],"about":[{"href":"https:\/\/openobd.com\/de\/wp-json\/wp\/v2\/types\/page"}],"author":[{"embeddable":true,"href":"https:\/\/openobd.com\/de\/wp-json\/wp\/v2\/users\/1"}],"replies":[{"embeddable":true,"href":"https:\/\/openobd.com\/de\/wp-json\/wp\/v2\/comments?post=27"}],"version-history":[{"count":5,"href":"https:\/\/openobd.com\/de\/wp-json\/wp\/v2\/pages\/27\/revisions"}],"predecessor-version":[{"id":734,"href":"https:\/\/openobd.com\/de\/wp-json\/wp\/v2\/pages\/27\/revisions\/734"}],"wp:featuredmedia":[{"embeddable":true,"href":"https:\/\/openobd.com\/de\/wp-json\/wp\/v2\/media\/733"}],"wp:attachment":[{"href":"https:\/\/openobd.com\/de\/wp-json\/wp\/v2\/media?parent=27"}],"wp:term":[{"taxonomy":"soort-pagina","embeddable":true,"href":"https:\/\/openobd.com\/de\/wp-json\/wp\/v2\/soort-pagina?post=27"}],"curies":[{"name":"wp","href":"https:\/\/api.w.org\/{rel}","templated":true}]}}