{"id":290,"date":"2024-09-09T14:58:31","date_gmt":"2024-09-09T12:58:31","guid":{"rendered":"https:\/\/openobd.com\/?page_id=290"},"modified":"2025-10-17T10:09:47","modified_gmt":"2025-10-17T08:09:47","slug":"datenschutz","status":"publish","type":"page","link":"https:\/\/openobd.com\/de\/privacy\/","title":{"rendered":"Datenschutz"},"content":{"rendered":"<h2 class=\"wp-block-heading\">DATENSCHUTZPOLITIK<\/h2>\n\n\n\n<p>Vielen Dank f\u00fcr die Nutzung der Jifeline-Infrastruktur durch uns oder unsere designierten Partner oder f\u00fcr den Besuch unserer Website(s). Diese Richtlinie erkl\u00e4rt, welche Informationen wir sammeln, wie und warum wir sie sammeln und wie wir sie verwenden und weitergeben. Wir nehmen Ihre Privatsph\u00e4re sehr ernst und verkaufen niemals Ihre pers\u00f6nlichen Daten, einschlie\u00dflich E-Mail-Adressen.&nbsp;<\/p>\n\n\n\n<br>\n\n\n\n<hr class=\"wp-block-separator has-text-color has-alpha-channel-opacity has-background\" style=\"background-color:#1ab7ea;color:#1ab7ea\"\/>\n\n\n\n<br>\n\n\n\n<h3 class=\"wp-block-heading\">Definitionen<\/h3>\n\n\n\n<p>Die folgenden Definitionen sollen Ihnen helfen, diese Richtlinie zu verstehen. Wenn wir uns auf \"wir\", \"uns\" oder \"unser\" beziehen, meinen wir Jifeline Networks B.V., mit Sitz in den Niederlanden.<\/p>\n\n\n\n<p>Wir stellen eine Infrastruktur zur Verf\u00fcgung, die Sie nutzen k\u00f6nnen, um Ihr Fahrzeug codieren\/programmieren zu lassen (die \"Dienstleistungen\"). Dies kann entweder direkt \u00fcber uns oder \u00fcber einen unserer Partner erfolgen.<\/p>\n\n\n\n<p>\"Designierter Partner\" bezieht sich auf unsere Partner, die unsere Infrastruktur nutzen, um ihre Mitglieder \u00fcber ihre eigenen Servicecenter zu betreuen.<\/p>\n\n\n\n<p>\"Mitglied\" bezieht sich auf die nat\u00fcrliche oder juristische Person, die bei uns oder bei einem unserer Partner registriert ist, um unsere Dienste zu nutzen. Der Begriff \"Sie\" bezieht sich entweder auf ein Mitglied oder auf eine andere Person, die eine unserer Websites besucht.<\/p>\n\n\n\n<p>\"Pers\u00f6nliche Daten\" sind Informationen, die dazu verwendet werden k\u00f6nnen, Sie zu identifizieren, z. B. Name und Adressdaten, Name des Unternehmens, Rechnungsadresse, Lieferadresse, (gesch\u00e4ftliche) E-Mail-Adresse, (gesch\u00e4ftliche) Telefonnummer, Zahlungsdaten, IP-Adresse.<\/p>\n\n\n\n<p>Diese Datenschutzbestimmungen gelten f\u00fcr unsere Websites und Jifeline Google Apps sowie f\u00fcr alle anderen Websites, die wir besitzen oder betreiben.<\/p>\n\n\n\n<p>Die \"Websites\" umfassen die Websites selbst sowie alle damit verbundenen Webseiten, interaktiven Funktionen, Anwendungen, Widgets, Blogs, sozialen Netzwerke oder anderen Online-Angebote, die auf diese Datenschutzrichtlinie verweisen.<\/p>\n\n\n\n<p>Die \"Google-Apps\" umfassen alle von Jifeline erstellten, aber f\u00fcr unsere Partner gebrandeten Apps.<\/p>\n\n\n\n<br>\n\n\n\n<hr class=\"wp-block-separator has-text-color has-alpha-channel-opacity has-background\" style=\"background-color:#1ab7ea;color:#1ab7ea\"\/>\n\n\n\n<br>\n\n\n\n<h3 class=\"wp-block-heading\">Umfang<\/h3>\n\n\n\n<p>Diese Datenschutzrichtlinie gilt f\u00fcr alle Daten, die wir \u00fcber Sie gesammelt haben oder sammeln werden.<\/p>\n\n\n\n<br>\n\n\n\n<hr class=\"wp-block-separator has-text-color has-alpha-channel-opacity has-background\" style=\"background-color:#1ab7ea;color:#1ab7ea\"\/>\n\n\n\n<br>\n\n\n\n<h3 class=\"wp-block-heading\">Informationen, die wir sammeln<\/h3>\n\n\n\n<br>\n\n\n\n<h5 class=\"wp-block-heading\">Informationen, die Sie freiwillig zur Verf\u00fcgung stellen<\/h5>\n\n\n\n<p>Wenn Sie sich f\u00fcr unsere Dienste anmelden und diese nutzen, unseren Kundendienst kontaktieren, uns eine E-Mail senden, in unserem Blog posten oder auf andere Weise mit uns kommunizieren, stellen Sie uns freiwillig Informationen zur Verf\u00fcgung. Diese Informationen k\u00f6nnen Ihren Namen, Ihre Anschrift, Ihre E-Mail-Adresse, Ihre IP-Adresse, Ihre Telefonnummer sowie Angaben zu Ihrem Beruf, Ihrem Wohnort, Ihrer Kaufhistorie und andere demografische Informationen umfassen.<\/p>\n\n\n\n<br>\n\n\n\n<h5 class=\"wp-block-heading\">Informationen, die wir automatisch sammeln<\/h5>\n\n\n\n<p>Wenn Sie unsere Dienste nutzen oder auf unseren Websites surfen, k\u00f6nnen wir automatisch Informationen \u00fcber Ihren Besuch sammeln. Diese Informationen k\u00f6nnen Ihre IP-Adresse, Ihr Betriebssystem, Ihre Browser-ID, Ihre Browsing-Aktivit\u00e4ten und andere Details dar\u00fcber, wie Sie mit unseren Websites interagiert haben, umfassen. Wir k\u00f6nnen diese Informationen durch Protokolldateien, Cookies oder andere Tracking-Technologien erfassen.<\/p>\n\n\n\n<br>\n\n\n\n<h5 class=\"wp-block-heading\">Informationen aus der Nutzung des Dienstes<\/h5>\n\n\n\n<p>Wir k\u00f6nnen Informationen dar\u00fcber sammeln, wie und wann Sie unsere Dienste nutzen, und diese Informationen in Protokolldateien oder anderen mit Ihrem Konto verbundenen Dateitypen speichern. Diese Informationen helfen uns, unsere Dienste f\u00fcr Sie und alle unsere Nutzer zu verbessern.<\/p>\n\n\n\n<br>\n\n\n\n<h5 class=\"wp-block-heading\">Cookies und Tracking<\/h5>\n\n\n\n<p>Wir verwenden Cookies und \u00e4hnliche Technologien, um Trends zu analysieren, die Website zu verwalten, Benutzerbewegungen zu verfolgen und demografische Informationen \u00fcber unsere Benutzerbasis zu sammeln.<\/p>\n\n\n\n<br>\n\n\n\n<h5 class=\"wp-block-heading\">Web Beacons<\/h5>\n\n\n\n<p>Wir verwenden Web-Beacons auf unseren Websites und in unseren E-Mails, um das Verhalten zu verfolgen, z. B. wer die E-Mails ge\u00f6ffnet und die Links angeklickt hat. Dies hilft uns, die Leistung unserer E-Mail-Kampagnen zu messen und unsere Funktionen zu verbessern.<\/p>\n\n\n\n<br>\n\n\n\n<h5 class=\"wp-block-heading\">Informationen aus unseren mobilen Apps<\/h5>\n\n\n\n<p>Wenn Sie unsere mobilen Apps verwenden, k\u00f6nnen wir Informationen wie die Art des von Ihnen verwendeten Ger\u00e4ts und Betriebssystems sowie Ihren Standort erfassen und Audio- oder Kamerafunktionen verwenden. Wir k\u00f6nnen Ihnen auch Push-Benachrichtigungen senden, die Sie \u00fcber Ihre Ger\u00e4teeinstellungen deaktivieren k\u00f6nnen.<\/p>\n\n\n\n<br>\n\n\n\n<hr class=\"wp-block-separator has-text-color has-alpha-channel-opacity has-background\" style=\"background-color:#1ab7ea;color:#1ab7ea\"\/>\n\n\n\n<br>\n\n\n\n<h3 class=\"wp-block-heading\">VERWENDUNG UND WEITERGABE VON PERS\u00d6NLICHEN INFORMATIONEN<\/h3>\n\n\n\n<br>\n\n\n\n<p>Wir k\u00f6nnen Ihre pers\u00f6nlichen Daten f\u00fcr die folgenden Zwecke verwenden und weitergeben:<\/p>\n\n\n\n<ul class=\"wp-block-list\">\n<li>Um die Nutzung unserer Dienste zu f\u00f6rdern, einschlie\u00dflich des Versands von Werbe-E-Mails an Sie.<\/li>\n\n\n\n<li>Rechnungstellung und Einzug von Geldern, die uns von Mitgliedern geschuldet werden.<\/li>\n\n\n\n<li>Um Ihnen Systemwarnungen \u00fcber \u00c4nderungen an unseren Diensten zu senden.<\/li>\n\n\n\n<li>Mit den Mitgliedern \u00fcber ihr Konto zu kommunizieren und Kundenbetreuung zu leisten.<\/li>\n\n\n\n<li>Um die Einhaltung unserer Nutzungsbedingungen und der geltenden Gesetze durchzusetzen.<\/li>\n\n\n\n<li>Um die Rechte und die Sicherheit unserer Mitglieder, Dritter und von uns selbst zu sch\u00fctzen.<\/li>\n\n\n\n<li>Zur Erf\u00fcllung rechtlicher Anforderungen und zur Information der gesetzlichen Vertreter.<\/li>\n\n\n\n<li>Zur Unterst\u00fctzung und Verbesserung unserer Dienstleistungen, einschlie\u00dflich der Weitergabe von Informationen an Dritte im Rahmen von Vertr\u00e4gen.<\/li>\n\n\n\n<li>Wir f\u00fchren die von uns abgeschlossenen Vertr\u00e4ge aus und pflegen die sich daraus ergebenden Beziehungen.<\/li>\n<\/ul>\n\n\n\n<br>\n\n\n\n<h3 class=\"wp-block-heading\">WEITERGABE PERSONENBEZOGENER DATEN AN DRITTE<\/h3>\n\n\n\n<br>\n\n\n\n<p>Wir geben Ihre Daten nur dann an Dritte weiter, wenn dies nach geltendem Recht zul\u00e4ssig ist. Es kann F\u00e4lle geben, in denen wir Ihre personenbezogenen Daten an Dritte weitergeben, weil:<\/p>\n\n\n\n<ul class=\"wp-block-list\">\n<li>Wir haben sie beauftragt, bestimmte Daten in unserem Namen zu verarbeiten;<\/li>\n\n\n\n<li>Sie ist notwendig, um die Vereinbarung mit Ihnen zu erf\u00fcllen;<\/li>\n\n\n\n<li>Sie haben Ihre Zustimmung dazu gegeben;<\/li>\n\n\n\n<li>Wir haben ein berechtigtes Interesse daran;<\/li>\n\n\n\n<li>Wir sind dazu gesetzlich verpflichtet (z. B. wenn die Polizei bei einem Verdacht auf eine Straftat die Daten anfordert).<\/li>\n<\/ul>\n\n\n\n<p>Zu den Parteien, die personenbezogene Daten in unserem oder Ihrem Namen verarbeiten, geh\u00f6ren:<\/p>\n\n\n\n<ul class=\"wp-block-list\">\n<li>Anbieter von Cookies<\/li>\n\n\n\n<li>IT-Lieferanten und -Dienstleister<\/li>\n\n\n\n<li>Unsere gehostete E-Commerce-Plattform<\/li>\n\n\n\n<li>Online-Pr\u00fcfungs- und Bewertungsinstrumente<\/li>\n\n\n\n<li>Zustelldienst<\/li>\n\n\n\n<li>Zahlungsdienstleister (und Inkassob\u00fcros)<\/li>\n\n\n\n<li>Berater<\/li>\n\n\n\n<li>Veranstaltungsorganisationen und -orte<\/li>\n<\/ul>\n\n\n\n<p>Um unsere Dienstleistungen zu erbringen, k\u00f6nnen wir Ihre personenbezogenen Daten an Dritte weitergeben, die au\u00dferhalb des Europ\u00e4ischen Wirtschaftsraums (EWR) ans\u00e4ssig sind. Wir tun dies nur, wenn ein angemessenes Schutzniveau f\u00fcr die Verarbeitung personenbezogener Daten gew\u00e4hrleistet ist. Dazu kann die Verwendung einer Standardvertragsklausel der Europ\u00e4ischen Kommission oder der Abschluss spezieller Vereinbarungen \u00fcber den Umgang mit personenbezogenen Daten geh\u00f6ren.<\/p>\n\n\n\n<br>\n\n\n\n<hr class=\"wp-block-separator has-text-color has-alpha-channel-opacity has-background\" style=\"background-color:#1ab7ea;color:#1ab7ea\"\/>\n\n\n\n<br>\n\n\n\n<h3 class=\"wp-block-heading\">RECHTSGRUNDLAGE F\u00dcR DIE VERARBEITUNG<\/h3>\n\n\n\n<br>\n\n\n\n<p>Wir verarbeiten Ihre personenbezogenen Daten auf der Grundlage einer oder mehrerer der folgenden Rechtsgrundlagen:<\/p>\n\n\n\n<p>Legitimes Interesse: Wir k\u00f6nnen Ihre Daten verarbeiten, wenn dies zur Wahrung unserer berechtigten Interessen erforderlich ist, z. B. zur Verbesserung unserer Dienstleistungen, zur Pflege von Gesch\u00e4ftsbeziehungen und zur Gew\u00e4hrleistung der Sicherheit unserer Systeme.<\/p>\n\n\n\n<p>Einverst\u00e4ndnis: In F\u00e4llen, in denen wir uns auf Ihre Einwilligung st\u00fctzen, werden wir Ihre personenbezogenen Daten nur verarbeiten, nachdem wir Ihre klare und ausdr\u00fcckliche Zustimmung erhalten haben. Sie haben das Recht, Ihre Einwilligung jederzeit zu widerrufen.<\/p>\n\n\n\n<p>Gesetzliche Verpflichtung: Wir k\u00f6nnen Ihre Daten verarbeiten, um gesetzlichen Verpflichtungen nachzukommen, z. B. um steuerliche Aufbewahrungspflichten zu erf\u00fcllen oder auf rechtm\u00e4\u00dfige Anfragen von Beh\u00f6rden zu reagieren.<\/p>\n\n\n\n<p>Erf\u00fcllung eines Vertrags: Wir verarbeiten Ihre Daten, wenn dies zur Erf\u00fcllung eines Vertrags erforderlich ist, z. B. zur Erbringung einer Dienstleistung oder zur Lieferung eines von Ihnen angeforderten Produkts.<\/p>\n\n\n\n<p>Lebenswichtige Interessen: In seltenen F\u00e4llen k\u00f6nnen wir Ihre Daten verarbeiten, um Ihre lebenswichtigen Interessen oder die einer anderen Person zu sch\u00fctzen, z. B. in Notsituationen, in denen Leben oder Gesundheit gef\u00e4hrdet sind.<\/p>\n\n\n\n<br>\n\n\n\n<hr class=\"wp-block-separator has-text-color has-alpha-channel-opacity has-background\" style=\"background-color:#1ab7ea;color:#1ab7ea\"\/>\n\n\n\n<br>\n\n\n\n<h3 class=\"wp-block-heading\">\u00d6FFENTLICHE INFORMATIONEN UND WEBSITES DRITTER<\/h3>\n\n\n\n<br>\n\n\n\n<h5 class=\"wp-block-heading\">Blog<\/h5>\n\n\n\n<p>Unsere Websites k\u00f6nnen \u00f6ffentliche Blogs enthalten. Alle Informationen, die Sie in einem Kommentar in unserem Blog angeben, k\u00f6nnen von jedermann gelesen, gesammelt und verwendet werden.<\/p>\n\n\n\n<br>\n\n\n\n<h5 class=\"wp-block-heading\">Plattformen und Widgets f\u00fcr soziale Medien<\/h5>\n\n\n\n<p>Unsere Websites k\u00f6nnen Funktionen f\u00fcr soziale Medien enthalten, die Informationen \u00fcber Ihre IP-Adresse und die von Ihnen besuchte Seite sammeln. Ihre Interaktion mit diesen Funktionen unterliegt den Datenschutzrichtlinien der jeweiligen Plattformen.<\/p>\n\n\n\n<br>\n\n\n\n<h5 class=\"wp-block-heading\">Links zu Websites von Drittanbietern<\/h5>\n\n\n\n<p>Unsere Websites k\u00f6nnen Links zu anderen Websites enthalten. Deren Datenschutzpraktiken k\u00f6nnen sich von unseren unterscheiden, und wir empfehlen Ihnen, deren Datenschutzrichtlinien zu lesen.<\/p>\n\n\n\n<br>\n\n\n\n<hr class=\"wp-block-separator has-text-color has-alpha-channel-opacity has-background\" style=\"background-color:#1ab7ea;color:#1ab7ea\"\/>\n\n\n\n<br>\n\n\n\n<h3 class=\"wp-block-heading\">SICHERHEIT<\/h3>\n\n\n\n<br>\n\n\n\n<p>Wir legen gro\u00dfen Wert auf die Sicherheit Ihrer pers\u00f6nlichen Daten und verfolgen einen umfassenden Ansatz, um sie vor unbefugtem Zugriff, Ver\u00e4nderung, Offenlegung oder Zerst\u00f6rung zu sch\u00fctzen. Wir setzen eine Reihe von technischen, administrativen und physischen Sicherheitsma\u00dfnahmen ein, um Ihre Daten zu sch\u00fctzen.  Nachstehend finden Sie die wichtigsten Sicherheitsma\u00dfnahmen, die wir anwenden:<\/p>\n\n\n\n<br>\n\n\n\n<h5 class=\"wp-block-heading\"><a><\/a>Verschl\u00fcsselung<\/h5>\n\n\n\n<ul class=\"wp-block-list\">\n<li><strong>Daten im Transit und im Ruhezustand:<\/strong> Wir verwenden Verschl\u00fcsselung, um Ihre Daten sowohl bei der \u00dcbertragung \u00fcber das Internet als auch bei der Speicherung auf unseren Servern zu sch\u00fctzen.<\/li>\n<\/ul>\n\n\n\n<h5 class=\"wp-block-heading\"><a><\/a>Zugangskontrolle<\/h5>\n\n\n\n<ul class=\"wp-block-list\">\n<li><strong>Rollenbasierter Zugriff:<\/strong> Der Zugriff auf personenbezogene Daten ist auf befugte Mitarbeiter beschr\u00e4nkt, die f\u00fcr ihre Aufgaben zust\u00e4ndig sind.<\/li>\n\n\n\n<li><strong>Authentifizierung:<\/strong> Wir setzen eine starke Authentifizierung ein, einschlie\u00dflich Passwortrichtlinien und Zwei-Faktor-Authentifizierung (2FA), um unbefugten Zugriff zu verhindern.<\/li>\n<\/ul>\n\n\n\n<h5 class=\"wp-block-heading\"><a><\/a>\u00dcberwachung und Rechnungspr\u00fcfung<\/h5>\n\n\n\n<ul class=\"wp-block-list\">\n<li><strong>Protokolle und Intrusion Detection:<\/strong> Wir \u00fcberwachen die Benutzeraktivit\u00e4ten und den Netzwerkverkehr, \u00fcberpr\u00fcfen regelm\u00e4\u00dfig die Protokolle und setzen Systeme zur Erkennung von Eindringlingen ein, um potenzielle Bedrohungen zu erkennen und zu bek\u00e4mpfen.<\/li>\n<\/ul>\n\n\n\n<h5 class=\"wp-block-heading\"><a><\/a>Sicherheitsbeurteilungen<\/h5>\n\n\n\n<ul class=\"wp-block-list\">\n<li><strong>Scannen auf Schwachstellen und Penetrationstests:<\/strong> Wir f\u00fchren regelm\u00e4\u00dfig Schwachstellenscans durch und beauftragen externe Experten damit, unsere Systeme auf Schwachstellen zu pr\u00fcfen.<\/li>\n\n\n\n<li><strong>Patch-Verwaltung:<\/strong> Wir bringen zeitnah Sicherheits-Patches auf, um unsere Systeme auf dem neuesten Stand zu halten.<\/li>\n<\/ul>\n\n\n\n<h5 class=\"wp-block-heading\"><a><\/a>Sichere Entwicklungspraktiken<\/h5>\n\n\n\n<ul class=\"wp-block-list\">\n<li><strong>Code-Reviews und Tests:<\/strong> Wir folgen sicheren Kodierungspraktiken, f\u00fchren Code\u00fcberpr\u00fcfungen und strenge Tests durch, um Schwachstellen zu minimieren.<\/li>\n<\/ul>\n\n\n\n<h5 class=\"wp-block-heading\"><a><\/a>Datenminimierung und -aufbewahrung<\/h5>\n\n\n\n<ul class=\"wp-block-list\">\n<li><strong>Minimierung:<\/strong> Wir erfassen nur die f\u00fcr bestimmte Zwecke erforderlichen Daten und speichern sie nur so lange wie n\u00f6tig.<\/li>\n\n\n\n<li><strong>Beibehaltung:<\/strong> Wenn die Daten nicht mehr ben\u00f6tigt werden, werden sie sicher gel\u00f6scht oder anonymisiert.<\/li>\n<\/ul>\n\n\n\n<h5 class=\"wp-block-heading\"><a><\/a>Reaktion auf Vorf\u00e4lle<\/h5>\n\n\n\n<ul class=\"wp-block-list\">\n<li><strong>Management von Zwischenf\u00e4llen:<\/strong> Wir verf\u00fcgen \u00fcber einen detaillierten Reaktionsplan f\u00fcr Datenschutzverletzungen, der auch Meldeverfahren im Einklang mit den rechtlichen Anforderungen umfasst.<\/li>\n<\/ul>\n\n\n\n<h5 class=\"wp-block-heading\"><a><\/a>Schulung und Sensibilisierung<\/h5>\n\n\n\n<ul class=\"wp-block-list\">\n<li><strong>Mitarbeiterschulung:<\/strong> Unsere Mitarbeiter nehmen regelm\u00e4\u00dfig an Sicherheitsschulungen teil, unter anderem zur Sensibilisierung f\u00fcr Phishing und zur Vermeidung von Social Engineering.<\/li>\n<\/ul>\n\n\n\n<h5 class=\"wp-block-heading\"><a><\/a>Physische Sicherheit<\/h5>\n\n\n\n<ul class=\"wp-block-list\">\n<li><strong>Sicherheit von Rechenzentren und B\u00fcros:<\/strong> Unsere Server sind in sicheren Datenzentren mit strengen physischen Sicherheitsma\u00dfnahmen untergebracht, und der Zugang zu unseren B\u00fcros ist eingeschr\u00e4nkt.<\/li>\n<\/ul>\n\n\n\n<h5 class=\"wp-block-heading\"><a><\/a>Sicherheit von Drittanbietern<\/h5>\n\n\n\n<ul class=\"wp-block-list\">\n<li><strong>Verwaltung der Lieferanten:<\/strong> Durch Datenverarbeitungsvertr\u00e4ge stellen wir sicher, dass Drittanbieter unsere Sicherheitsstandards einhalten und den gesetzlichen Anforderungen gen\u00fcgen.<\/li>\n<\/ul>\n\n\n\n<p>Wenn Sie Bedenken haben oder einen unbefugten Zugriff auf Ihr Konto vermuten, wenden Sie sich bitte umgehend an uns.<\/p>\n\n\n\n<br>\n\n\n\n<hr class=\"wp-block-separator has-text-color has-alpha-channel-opacity has-background\" style=\"background-color:#1ab7ea;color:#1ab7ea\"\/>\n\n\n\n<br>\n\n\n\n<h3 class=\"wp-block-heading\">GENAUIGKEIT DER DATEN UND TRANSPARENZ<\/h3>\n\n\n\n<br>\n\n\n\n<p>Wir bem\u00fchen uns, Ihre Daten korrekt und auf dem neuesten Stand zu halten. Sie sind daf\u00fcr verantwortlich, uns \u00fcber alle \u00c4nderungen Ihrer Daten zu informieren. Wir werden Ihre Daten so lange aufbewahren, wie Ihr Konto aktiv ist, oder so lange, wie es f\u00fcr die Erbringung unserer Dienste und\/oder die Einhaltung gesetzlicher Verpflichtungen erforderlich ist, z. B. aufgrund der siebenj\u00e4hrigen steuerlichen Aufbewahrungsfrist.<\/p>\n\n\n\n<br>\n\n\n\n<hr class=\"wp-block-separator has-text-color has-alpha-channel-opacity has-background\" style=\"background-color:#1ab7ea;color:#1ab7ea\"\/>\n\n\n\n<br>\n\n\n\n<h3 class=\"wp-block-heading\">FRAGEN UND BEDENKEN<\/h3>\n\n\n\n<br>\n\n\n\n<p>Wenn Sie Fragen, Kommentare oder Bedenken haben oder wenn Sie bei uns gespeicherte personenbezogene Daten aktualisieren, l\u00f6schen oder \u00e4ndern m\u00f6chten, wenden Sie sich bitte an privacy@jifeline.com oder verwenden Sie unser Kontaktformular. Wenn Sie jedoch das Gef\u00fchl haben, dass wir Sie nicht richtig unterst\u00fctzen, k\u00f6nnen Sie sich an die <a href=\"https:\/\/autoriteitpersoonsgegevens.nl\/nl\/contact-met-de-autoriteit-persoonsgegevens\/tip-ons\" target=\"_blank\" rel=\"noopener\">Niederl\u00e4ndische Datenschutzbeh\u00f6rde<\/a> (Autoriteit Persoonsgegevens), um eine Beschwerde einzureichen.<\/p>\n\n\n\n<br>\n\n\n\n<hr class=\"wp-block-separator has-text-color has-alpha-channel-opacity has-background\" style=\"background-color:#1ab7ea;color:#1ab7ea\"\/>\n\n\n\n<br>\n\n\n\n<h3 class=\"wp-block-heading\">\u00c4NDERUNGEN<\/h3>\n\n\n\n<br>\n\n\n\n<p>Wir k\u00f6nnen diese Datenschutzrichtlinie von Zeit zu Zeit aktualisieren. Die neueste Version der Datenschutzrichtlinie wird durch das Datum am unteren Rand dieser Seite angezeigt. Jegliche Aktualisierungen oder \u00c4nderungen treten sofort nach Bekanntgabe in Kraft, die wir durch Ver\u00f6ffentlichung der \u00fcberarbeiteten Richtlinie auf unserer Website vornehmen k\u00f6nnen. Wir empfehlen Ihnen, diese Datenschutzrichtlinie regelm\u00e4\u00dfig zu lesen, um \u00fcber alle \u00c4nderungen, die Sie betreffen k\u00f6nnten, informiert zu sein. Durch die fortgesetzte Nutzung unserer Website oder Dienste erkl\u00e4ren Sie sich mit der aktualisierten Datenschutzrichtlinie einverstanden.<\/p>\n\n\n\n<br>\n\n\n\n<hr class=\"wp-block-separator has-text-color has-alpha-channel-opacity has-background\" style=\"background-color:#1ab7ea;color:#1ab7ea\"\/>\n\n\n\n<br>\n\n\n\n<p>Jifeline Networks B.V.<br>Zweihaak 1<br>4251 LT Werkendam<br>Die Niederlande<\/p>\n\n\n\n<p>privacy@jifeline.com<br>www.jifeline.com<\/p>\n\n\n\n<p><\/p>","protected":false},"excerpt":{"rendered":"<p>PRIVACY POLICY Thank you for using the Jifeline infrastructure through us or through our designated partners, or for visiting our website(s). This policy explains the information we collect, how and why we collect it, and how we use and disclose it. We take your privacy very seriously and never sell your personal information, including email [&hellip;]<\/p>\n","protected":false},"author":1,"featured_media":735,"parent":0,"menu_order":0,"comment_status":"closed","ping_status":"closed","template":"","meta":{"footnotes":""},"soort-pagina":[12],"class_list":["post-290","page","type-page","status-publish","has-post-thumbnail","hentry","soort-pagina-standaard-contentpagina"],"_links":{"self":[{"href":"https:\/\/openobd.com\/de\/wp-json\/wp\/v2\/pages\/290","targetHints":{"allow":["GET"]}}],"collection":[{"href":"https:\/\/openobd.com\/de\/wp-json\/wp\/v2\/pages"}],"about":[{"href":"https:\/\/openobd.com\/de\/wp-json\/wp\/v2\/types\/page"}],"author":[{"embeddable":true,"href":"https:\/\/openobd.com\/de\/wp-json\/wp\/v2\/users\/1"}],"replies":[{"embeddable":true,"href":"https:\/\/openobd.com\/de\/wp-json\/wp\/v2\/comments?post=290"}],"version-history":[{"count":5,"href":"https:\/\/openobd.com\/de\/wp-json\/wp\/v2\/pages\/290\/revisions"}],"predecessor-version":[{"id":870,"href":"https:\/\/openobd.com\/de\/wp-json\/wp\/v2\/pages\/290\/revisions\/870"}],"wp:featuredmedia":[{"embeddable":true,"href":"https:\/\/openobd.com\/de\/wp-json\/wp\/v2\/media\/735"}],"wp:attachment":[{"href":"https:\/\/openobd.com\/de\/wp-json\/wp\/v2\/media?parent=290"}],"wp:term":[{"taxonomy":"soort-pagina","embeddable":true,"href":"https:\/\/openobd.com\/de\/wp-json\/wp\/v2\/soort-pagina?post=290"}],"curies":[{"name":"wp","href":"https:\/\/api.w.org\/{rel}","templated":true}]}}