{"id":21,"date":"2024-09-09T13:25:47","date_gmt":"2024-09-09T11:25:47","guid":{"rendered":"https:\/\/openobd.com\/?page_id=21"},"modified":"2024-10-23T15:37:38","modified_gmt":"2024-10-23T13:37:38","slug":"a-propos-dopenobd","status":"publish","type":"page","link":"https:\/\/openobd.com\/fr\/about-openobd\/","title":{"rendered":"OpenOBD"},"content":{"rendered":"<h2 class=\"wp-block-heading\">Diagnostics \u00e0 distance avec votre syst\u00e8me d'automatisation personnalis\u00e9<\/h2>\n\n\n\n<p>Avec OpenOBD, vous pouvez connecter le port OBD2 d'un v\u00e9hicule distant \u00e0 votre Cloud priv\u00e9 via Internet. Cela vous permet d'ex\u00e9cuter des routines de diagnostic personnalis\u00e9es en utilisant l'infrastructure Cloud de Jifeline Networks. Cr\u00e9ez des proc\u00e9dures de diagnostic guid\u00e9es dans votre langage de programmation pr\u00e9f\u00e9r\u00e9 et tirez parti de vos connaissances en mati\u00e8re de diagnostic. Les partenaires de Jifeline Networks peuvent am\u00e9liorer l'efficacit\u00e9 des techniciens avec OpenOBD.<\/p>\n\n\n\n<p>Cela signifie qu'au lieu d'utiliser votre boitier local connect\u00e9 \u00e0 l'outil de diagnostic de votre service d'assistance, vous utilisez des scripts pour ex\u00e9cuter des proc\u00e9dures guid\u00e9es automatis\u00e9es. Vous pouvez ainsi simplifier les proc\u00e9dures complexes de r\u00e9paration et de maintenance, tout en soutenant votre \u00e9quipe d'op\u00e9rateurs.<\/p>\n\n\n\n<br>\n\n\n\n<hr class=\"wp-block-separator has-text-color has-alpha-channel-opacity has-background\" style=\"background-color:#e50d6d;color:#e50d6d\"\/>\n\n\n\n<br>\n\n\n\n<h3 class=\"wp-block-heading\">Le d\u00e9fi<\/h3>\n\n\n\n<p>Les v\u00e9hicules d'aujourd'hui sont dot\u00e9s d'architectures \u00e9lectroniques complexes qui exigent des comp\u00e9tences sp\u00e9cialis\u00e9es en mati\u00e8re de codage, de programmation et d'\u00e9talonnage. Le co\u00fbt \u00e9lev\u00e9 et l'\u00e9volution rapide des \u00e9quipements de diagnostic posent des probl\u00e8mes importants \u00e0 de nombreux ateliers. Le diagnostic \u00e0 distance offre une solution prometteuse en optimisant les outils et les connaissances en mati\u00e8re de diagnostic. Cependant, le mod\u00e8le actuel, qui d\u00e9pend d'outils et de personnel d\u00e9di\u00e9s pour chaque service \u00e0 distance, limite son efficacit\u00e9.<\/p>\n\n\n\n<br>\n\n\n\n<hr class=\"wp-block-separator has-text-color has-alpha-channel-opacity has-background\" style=\"background-color:#e50d6d;color:#e50d6d\"\/>\n\n\n\n<br>\n\n\n\n<h3 class=\"wp-block-heading\">La solution<\/h3>\n\n\n\n<p>Pour relever ces d\u00e9fis, Jifeline Networks pr\u00e9sente OpenOBD. Cette technologie innovante vous permet de cr\u00e9er des proc\u00e9dures de diagnostic personnalis\u00e9es qui contr\u00f4lent directement la communication OBD2. En automatisant les t\u00e2ches de routine et en rationalisant les flux de travail, OpenOBD aide les ateliers \u00e0 optimiser leurs op\u00e9rations et \u00e0 se concentrer sur les probl\u00e8mes complexes.<\/p>\n\n\n\n<br>\n\n\n\n<hr class=\"wp-block-separator has-text-color has-alpha-channel-opacity has-background\" style=\"background-color:#e50d6d;color:#e50d6d\"\/>\n\n\n\n<br>\n\n\n\n<h3 class=\"wp-block-heading\">Pourquoi OpenOBD ?<\/h3>\n\n\n\n<p>Les fournisseurs de services \u00e0 distance peuvent int\u00e9grer de mani\u00e8re transparente les routines de diagnostic dans leur flux de travail quotidien, par exemple en automatisant les t\u00e2ches de diagnostic courantes et en \u00e9liminant les temps d'attente, ce qui permet \u00e0 votre personnel de se concentrer sur des diagnostics plus complexes, ou en g\u00e9n\u00e9rant des rapports automatis\u00e9s et des lectures de codes d'erreur.<\/p>\n\n\n\n<br>\n\n\n\n<hr class=\"wp-block-separator has-text-color has-alpha-channel-opacity has-background\" style=\"background-color:#e50d6d;color:#e50d6d\"\/>\n\n\n\n<br>\n\n\n\n<h3 class=\"wp-block-heading\">Simplifier les proc\u00e9dures complexes de r\u00e9paration et d'entretien<\/h3>\n\n\n\n<p>Avec OpenOBD, vous pouvez vous connecter directement au port OBD2 d'un v\u00e9hicule en utilisant l'infrastructure de Jifeline Networks. Cela vous permet de cr\u00e9er des proc\u00e9dures de diagnostic guid\u00e9es (fonctions automatis\u00e9es) dans votre propre langage de programmation.<\/p>\n\n\n\n<p>En bref, cela signifie qu'au lieu d'utiliser votre boitier local connect\u00e9 \u00e0 l'outil de diagnostic, vous utilisez des scripts pour ex\u00e9cuter des proc\u00e9dures guid\u00e9es. Vous pouvez ainsi simplifier les proc\u00e9dures complexes de r\u00e9paration et d'entretien et soutenir votre \u00e9quipe d'op\u00e9rateurs.\u00a0<\/p>","protected":false},"excerpt":{"rendered":"<p>Remote diagnostics with your custom-built automation With openOBD, you can connect a remote vehicle\u2019s OBD2 port to your private cloud via the internet. This enables you to run custom diagnostic routines using Jifeline Networks\u2019 cloud infrastructure. Create guided diagnostic procedures in your preferred programming language and leverage your proprietary diagnostic knowledge. Jifeline Networks partners can [&hellip;]<\/p>\n","protected":false},"author":1,"featured_media":740,"parent":0,"menu_order":0,"comment_status":"closed","ping_status":"closed","template":"","meta":{"footnotes":""},"soort-pagina":[12],"class_list":["post-21","page","type-page","status-publish","has-post-thumbnail","hentry","soort-pagina-standaard-contentpagina"],"_links":{"self":[{"href":"https:\/\/openobd.com\/fr\/wp-json\/wp\/v2\/pages\/21","targetHints":{"allow":["GET"]}}],"collection":[{"href":"https:\/\/openobd.com\/fr\/wp-json\/wp\/v2\/pages"}],"about":[{"href":"https:\/\/openobd.com\/fr\/wp-json\/wp\/v2\/types\/page"}],"author":[{"embeddable":true,"href":"https:\/\/openobd.com\/fr\/wp-json\/wp\/v2\/users\/1"}],"replies":[{"embeddable":true,"href":"https:\/\/openobd.com\/fr\/wp-json\/wp\/v2\/comments?post=21"}],"version-history":[{"count":5,"href":"https:\/\/openobd.com\/fr\/wp-json\/wp\/v2\/pages\/21\/revisions"}],"predecessor-version":[{"id":656,"href":"https:\/\/openobd.com\/fr\/wp-json\/wp\/v2\/pages\/21\/revisions\/656"}],"wp:featuredmedia":[{"embeddable":true,"href":"https:\/\/openobd.com\/fr\/wp-json\/wp\/v2\/media\/740"}],"wp:attachment":[{"href":"https:\/\/openobd.com\/fr\/wp-json\/wp\/v2\/media?parent=21"}],"wp:term":[{"taxonomy":"soort-pagina","embeddable":true,"href":"https:\/\/openobd.com\/fr\/wp-json\/wp\/v2\/soort-pagina?post=21"}],"curies":[{"name":"wp","href":"https:\/\/api.w.org\/{rel}","templated":true}]}}