{"id":23,"date":"2024-09-09T13:26:09","date_gmt":"2024-09-09T11:26:09","guid":{"rendered":"https:\/\/openobd.com\/?page_id=23"},"modified":"2024-10-08T08:55:02","modified_gmt":"2024-10-08T06:55:02","slug":"comment-cela-fonctionne-t-il","status":"publish","type":"page","link":"https:\/\/openobd.com\/fr\/about-openobd\/how-it-works\/","title":{"rendered":"Comment cela fonctionne-t-il ?"},"content":{"rendered":"<h3><abbr title=\"gRPC est une technologie d&#039;appel de proc\u00e9dure \u00e0 distance introduite par Google en 2015.\">Bas\u00e9 sur la technologie gRPC<\/abbr> bas\u00e9<\/h3>\n<p>Le projet OpenOBD s'appuie sur une technologie existante et libre : gRPC (une technologie d'appel de proc\u00e9dure \u00e0 distance introduite par Google). Elle fonctionne de mani\u00e8re transparente avec un large \u00e9ventail de langages de programmation dans lesquels vous pouvez d\u00e9velopper vos scripts de diagnostic. <abbr title=\"gRPC est une technologie d&#039;appel de proc\u00e9dure \u00e0 distance introduite par Google en 2015.\">Bas\u00e9 sur la technologie gRPC<\/abbr> (une technologie d'appel de proc\u00e9dure \u00e0 distance introduite par Google). Il fonctionne de mani\u00e8re transparente avec un large \u00e9ventail de langages de programmation dans lesquels vous pouvez d\u00e9velopper vos scripts de diagnostic.<\/p>\n<aside class=\"md-annotation\" tabindex=\"0\" data-md-visible=\"\"><\/aside>\n<p class=\"annotate\">Le projet OpenOBD s'int\u00e8gre parfaitement \u00e0 la technologie existante de Jifeline Networks, permettant aux entreprises partenaires d'acc\u00e9der aux diagnostics embarqu\u00e9s des v\u00e9hicules (OBD) \u00e0 distance via l'internet.<abbr title=\"Diagnostic embarqu\u00e9\">OBD<\/abbr>) \u00e0 distance via l'internet.<\/p>\n<p>Le projet OpenOBD permet \u00e0 vos cr\u00e9ations de diagnostic de rester entre vos mains. Comme le code r\u00e9side dans votre propre environnement, vous restez enti\u00e8rement propri\u00e9taire de votre propri\u00e9t\u00e9 intellectuelle. Cela signifie que vous restez ma\u00eetre de l'utilisation et de la diffusion de vos connaissances.<\/p>\n\n\n<br>\n\n\n\n<hr class=\"wp-block-separator has-text-color has-alpha-channel-opacity has-background\" style=\"background-color:#e5006d;color:#e5006d\"\/>\n\n\n\n<br>\n\n\n\n<h3 class=\"wp-block-heading\">Ce qu'il apporte<\/h3>\n\n\n\n<p>Pour faciliter cette t\u00e2che, OpenOBD v1 fournit, en plus de la connexion r\u00e9elle au v\u00e9hicule, des informations sur l'\u00e9tat du v\u00e9hicule ;<\/p>\n\n\n\n<br>\n\n\n\n<ul class=\"wp-block-list\">\n<li>La possibilit\u00e9 d'interagir avec le technicien dans l'atelier via le standard xxx.obd.help portail web <code>xxx.obd.help<\/code> portail web<\/li>\n<\/ul>\n\n\n\n<br>\n\n\n\n<ul class=\"wp-block-list\">\n<li>L\u2019acc\u00e8s aux M\u00e9tadonn\u00e9es du v\u00e9hicule, la tension de la batterie, la qualit\u00e9 de la connexion internet, etc.<\/li>\n<\/ul>\n\n\n\n<br>\n\n\n\n<ul class=\"wp-block-list\">\n<li>L\u2019Int\u00e9gration avec l'API Jifeline Partner, par exemple pour lancer vos proc\u00e9dures de diagnostic embarqu\u00e9 dans vos propres tickets et g\u00e9rer les sessions OpenOBD en cours.<\/li>\n<\/ul>\n\n\n\n<br>\n\n\n\n<hr class=\"wp-block-separator has-text-color has-alpha-channel-opacity has-background\" style=\"background-color:#e5006d;color:#e5006d\"\/>\n\n\n\n<br>\n\n\n\n<h3 class=\"wp-block-heading\">Les avantages d'OpenOBD<\/h3>\n\n\n\n<p>OpenOBD offre toute une s\u00e9rie d'avantages : il am\u00e9liore l'efficacit\u00e9 de votre service d'assistance, \u00e9limine le besoin d'attendre l'assistance d'un technicien \u00e0 distance en automatisant les proc\u00e9dures courantes, am\u00e9liore votre service \u00e0 la client\u00e8le (par exemple en ajoutant des rapports de code de d\u00e9faut g\u00e9n\u00e9r\u00e9s automatiquement \u00e0 chacun de vos tickets) et pourrait m\u00eame g\u00e9n\u00e9rer des revenus suppl\u00e9mentaires en vendant ces services \u00e0 d'autres partenaires (simplement par le biais d'une relation insource\/outsource). Il am\u00e9liore \u00e9galement votre travail en mati\u00e8re de diagnostic \u00e0 distance, ce qui vous permet de gagner du temps et d'offrir une exp\u00e9rience coh\u00e9rente \u00e0 vos clients.<\/p>\n\n\n\n<br>\n\n\n\n<h5 class=\"wp-block-heading\">Un acc\u00e8s plus rapide, des solutions plus rapides.<\/h5>\n\n\n\n<p>Connectez-vous directement au port OBD2 de votre v\u00e9hicule gr\u00e2ce \u00e0 l'infrastructure de Jifeline Networks. Cr\u00e9ez des proc\u00e9dures de diagnostic personnalis\u00e9es dans votre langage de programmation pr\u00e9f\u00e9r\u00e9 pour rationaliser les r\u00e9parations \u00e0 distance et soutenir votre \u00e9quipe.<\/p>\n\n\n\n<br>\n\n\n\n<h5 class=\"wp-block-heading\">Am\u00e9liore l'efficacit\u00e9, et ravir les clients<\/h5>\n\n\n\n<p>R\u00e9volutionnez votre service d'assistance, automatisez les t\u00e2ches de diagnostic et impressionnez vos clients avec des rapports d\u00e9taill\u00e9s sur les codes d'erreur. G\u00e9n\u00e9rez des revenus suppl\u00e9mentaires en partageant votre expertise avec vos partenaires.<\/p>\n\n\n\n<br>\n\n\n\n<h5 class=\"wp-block-heading\">Ouvert, flexible et s\u00fbr<\/h5>\n\n\n\n<p>Tirez parti de la puissance de la technologie gRPC open-source pour cr\u00e9er et poss\u00e9der vos solutions de diagnostic. B\u00e9n\u00e9ficiez d'une int\u00e9gration transparente avec Jifeline Networks tout en conservant le contr\u00f4le total de votre propri\u00e9t\u00e9 intellectuelle.<\/p>\n\n\n\n<br>\n\n\n\n<hr class=\"wp-block-separator has-text-color has-alpha-channel-opacity has-background\" style=\"background-color:#e5006d;color:#e5006d\"\/>\n\n\n\n<br>\n\n\n\n<figure class=\"wp-block-image size-full\"><img fetchpriority=\"high\" decoding=\"async\" width=\"702\" height=\"443\" src=\"https:\/\/openobd.com\/wp-content\/uploads\/2024\/09\/openobd-flow.png\" alt=\"\" class=\"wp-image-683\" srcset=\"https:\/\/openobd.com\/wp-content\/uploads\/2024\/09\/openobd-flow.png 702w, https:\/\/openobd.com\/wp-content\/uploads\/2024\/09\/openobd-flow-300x189.png 300w, https:\/\/openobd.com\/wp-content\/uploads\/2024\/09\/openobd-flow-18x12.png 18w\" sizes=\"(max-width: 702px) 100vw, 702px\" \/><\/figure>","protected":false},"excerpt":{"rendered":"<p>gRPC based The openOBD project is built around an existing, open-source, technology: gRPC (a Remote Procedure Call technology introduced by Google). It works seamlessly together with a wide range of programming languages in which you can develop your diagnostic scripts. The openOBD project seamlessly integrates with the existing technology of Jifeline Networks, enabling partner companies [&hellip;]<\/p>\n","protected":false},"author":1,"featured_media":761,"parent":21,"menu_order":0,"comment_status":"closed","ping_status":"closed","template":"","meta":{"footnotes":""},"soort-pagina":[12],"class_list":["post-23","page","type-page","status-publish","has-post-thumbnail","hentry","soort-pagina-standaard-contentpagina"],"_links":{"self":[{"href":"https:\/\/openobd.com\/fr\/wp-json\/wp\/v2\/pages\/23","targetHints":{"allow":["GET"]}}],"collection":[{"href":"https:\/\/openobd.com\/fr\/wp-json\/wp\/v2\/pages"}],"about":[{"href":"https:\/\/openobd.com\/fr\/wp-json\/wp\/v2\/types\/page"}],"author":[{"embeddable":true,"href":"https:\/\/openobd.com\/fr\/wp-json\/wp\/v2\/users\/1"}],"replies":[{"embeddable":true,"href":"https:\/\/openobd.com\/fr\/wp-json\/wp\/v2\/comments?post=23"}],"version-history":[{"count":5,"href":"https:\/\/openobd.com\/fr\/wp-json\/wp\/v2\/pages\/23\/revisions"}],"predecessor-version":[{"id":727,"href":"https:\/\/openobd.com\/fr\/wp-json\/wp\/v2\/pages\/23\/revisions\/727"}],"up":[{"embeddable":true,"href":"https:\/\/openobd.com\/fr\/wp-json\/wp\/v2\/pages\/21"}],"wp:featuredmedia":[{"embeddable":true,"href":"https:\/\/openobd.com\/fr\/wp-json\/wp\/v2\/media\/761"}],"wp:attachment":[{"href":"https:\/\/openobd.com\/fr\/wp-json\/wp\/v2\/media?parent=23"}],"wp:term":[{"taxonomy":"soort-pagina","embeddable":true,"href":"https:\/\/openobd.com\/fr\/wp-json\/wp\/v2\/soort-pagina?post=23"}],"curies":[{"name":"wp","href":"https:\/\/api.w.org\/{rel}","templated":true}]}}