{"id":25,"date":"2024-09-09T13:26:20","date_gmt":"2024-09-09T11:26:20","guid":{"rendered":"https:\/\/openobd.com\/?page_id=25"},"modified":"2025-10-02T13:21:57","modified_gmt":"2025-10-02T11:21:57","slug":"pour-qui","status":"publish","type":"page","link":"https:\/\/openobd.com\/fr\/about-openobd\/for-whom\/","title":{"rendered":"Pour qui"},"content":{"rendered":"<h3 class=\"wp-block-heading\">Finies les t\u00e2ches r\u00e9p\u00e9titives!<\/h3>\n\n\n\n<p>OpenOBD est le fruit de notre exp\u00e9rience dans le domaine du diagnostic \u00e0 distance. La plupart des t\u00e2ches que les fournisseurs de services \u00e0 distance effectuent quotidiennement sont de nature r\u00e9p\u00e9titive. Cela les rend longues et fastidieuses, et les op\u00e9rateurs doivent les effectuer encore et encore.<\/p>\n\n\n\n<p>Jifeline Networks a maintenant mis cette technologie innovante \u00e0 la disposition de ses partenaires .<\/p>\n\n\n\n<p>Le service OpenOBD repose sur la technologie gRPC. En utilisant gRPC, vous pouvez cr\u00e9er des proc\u00e9dures de diagnostic automatis\u00e9es et guid\u00e9es qui am\u00e9liorent l'efficacit\u00e9 et la fiabilit\u00e9 de votre service de diagnostic \u00e0 distance.<\/p>\n\n\n\n<br>\n\n\n\n<hr class=\"wp-block-separator has-text-color has-alpha-channel-opacity has-background\" style=\"background-color:#e5006d;color:#e5006d\"\/>\n\n\n\n<br>\n\n\n\n<h3 class=\"wp-block-heading\">Pour qui ? <\/h3>\n\n\n\n<p>OpenOBD a \u00e9t\u00e9 con\u00e7u pour les entreprises de diagnostic qui souhaitent partager leur propri\u00e9t\u00e9 intellectuelle avec un large r\u00e9seau de clients  <\/p>\n\n\n\n<br>\n\n\n\n<hr class=\"wp-block-separator has-text-color has-alpha-channel-opacity has-background\" style=\"background-color:#e5006d;color:#e5006d\"\/>\n\n\n\n<br>","protected":false},"excerpt":{"rendered":"<p>No more repetitive tasks! OpenOBD originates form our experience in the field of Remote Diagnostics. Many of the tasks that Remote Service Suppliers do on a daily basis are repetitive in their nature. This makes them time consuming, tedious and operators need to do them over and over again. Jifeline Networks has now made this [&hellip;]<\/p>\n","protected":false},"author":1,"featured_media":762,"parent":21,"menu_order":0,"comment_status":"closed","ping_status":"closed","template":"","meta":{"footnotes":""},"soort-pagina":[12],"class_list":["post-25","page","type-page","status-publish","has-post-thumbnail","hentry","soort-pagina-standaard-contentpagina"],"_links":{"self":[{"href":"https:\/\/openobd.com\/fr\/wp-json\/wp\/v2\/pages\/25","targetHints":{"allow":["GET"]}}],"collection":[{"href":"https:\/\/openobd.com\/fr\/wp-json\/wp\/v2\/pages"}],"about":[{"href":"https:\/\/openobd.com\/fr\/wp-json\/wp\/v2\/types\/page"}],"author":[{"embeddable":true,"href":"https:\/\/openobd.com\/fr\/wp-json\/wp\/v2\/users\/1"}],"replies":[{"embeddable":true,"href":"https:\/\/openobd.com\/fr\/wp-json\/wp\/v2\/comments?post=25"}],"version-history":[{"count":5,"href":"https:\/\/openobd.com\/fr\/wp-json\/wp\/v2\/pages\/25\/revisions"}],"predecessor-version":[{"id":865,"href":"https:\/\/openobd.com\/fr\/wp-json\/wp\/v2\/pages\/25\/revisions\/865"}],"up":[{"embeddable":true,"href":"https:\/\/openobd.com\/fr\/wp-json\/wp\/v2\/pages\/21"}],"wp:featuredmedia":[{"embeddable":true,"href":"https:\/\/openobd.com\/fr\/wp-json\/wp\/v2\/media\/762"}],"wp:attachment":[{"href":"https:\/\/openobd.com\/fr\/wp-json\/wp\/v2\/media?parent=25"}],"wp:term":[{"taxonomy":"soort-pagina","embeddable":true,"href":"https:\/\/openobd.com\/fr\/wp-json\/wp\/v2\/soort-pagina?post=25"}],"curies":[{"name":"wp","href":"https:\/\/api.w.org\/{rel}","templated":true}]}}