{"id":27,"date":"2024-09-09T13:26:29","date_gmt":"2024-09-09T11:26:29","guid":{"rendered":"https:\/\/openobd.com\/?page_id=27"},"modified":"2024-10-09T15:25:47","modified_gmt":"2024-10-09T13:25:47","slug":"la-documentation","status":"publish","type":"page","link":"https:\/\/openobd.com\/fr\/documentation\/","title":{"rendered":"Documentation"},"content":{"rendered":"<h3 class=\"wp-block-heading\">Pour les partenaires de Jifeline Networks<\/h3>\n\n\n\n<p>Les partenaires de Jifeline Networks peuvent trouver beaucoup de documentation sur la plateforme des d\u00e9veloppeurs. <\/p>\n\n\n\n<ul class=\"wp-block-list\">\n<li>Guide de d\u00e9marrage rapide<\/li>\n\n\n\n<li>Quelles sont les techniques \u00e0 utiliser ?<\/li>\n\n\n\n<li>Comment utiliser les techniques<\/li>\n\n\n\n<li>Cas d'utilisation<\/li>\n\n\n\n<li>Appels de fonctions que vous pouvez effectuer lors de l'\u00e9criture de scripts<\/li>\n\n\n\n<li>Et bien plus encore<\/li>\n<\/ul>\n\n\n\n<br>\n\n\n\n<hr class=\"wp-block-separator has-text-color has-alpha-channel-opacity has-background\" style=\"background-color:#e5006d;color:#e5006d\"\/>\n\n\n\n<br>\n\n\n\n<h3 class=\"wp-block-heading\">Poser des questions sur le forum<\/h3>\n\n\n\n<p>La plateforme des d\u00e9veloppeurs contient un forum o\u00f9 les d\u00e9veloppeurs peuvent poser des questions s'ils rencontrent des probl\u00e8mes qu'ils ne parviennent pas \u00e0 r\u00e9soudre eux-m\u00eames. <\/p>\n\n\n\n<div class=\"wp-block-buttons is-layout-flex wp-block-buttons-is-layout-flex\"><\/div>\n\n\n\n<p><\/p>","protected":false},"excerpt":{"rendered":"<p>Pour les partenaires de Jifeline Networks Les partenaires de Jifeline Networks peuvent trouver beaucoup de documentation sur la plateforme des d\u00e9veloppeurs. Poser des questions sur le forum La plateforme des d\u00e9veloppeurs contient un forum o\u00f9 les d\u00e9veloppeurs peuvent poser des questions s'ils rencontrent des probl\u00e8mes qu'ils n'arrivent pas \u00e0 r\u00e9soudre eux-m\u00eames.<\/p>","protected":false},"author":1,"featured_media":733,"parent":0,"menu_order":0,"comment_status":"closed","ping_status":"closed","template":"","meta":{"footnotes":""},"soort-pagina":[12],"class_list":["post-27","page","type-page","status-publish","has-post-thumbnail","hentry","soort-pagina-standaard-contentpagina"],"_links":{"self":[{"href":"https:\/\/openobd.com\/fr\/wp-json\/wp\/v2\/pages\/27","targetHints":{"allow":["GET"]}}],"collection":[{"href":"https:\/\/openobd.com\/fr\/wp-json\/wp\/v2\/pages"}],"about":[{"href":"https:\/\/openobd.com\/fr\/wp-json\/wp\/v2\/types\/page"}],"author":[{"embeddable":true,"href":"https:\/\/openobd.com\/fr\/wp-json\/wp\/v2\/users\/1"}],"replies":[{"embeddable":true,"href":"https:\/\/openobd.com\/fr\/wp-json\/wp\/v2\/comments?post=27"}],"version-history":[{"count":5,"href":"https:\/\/openobd.com\/fr\/wp-json\/wp\/v2\/pages\/27\/revisions"}],"predecessor-version":[{"id":734,"href":"https:\/\/openobd.com\/fr\/wp-json\/wp\/v2\/pages\/27\/revisions\/734"}],"wp:featuredmedia":[{"embeddable":true,"href":"https:\/\/openobd.com\/fr\/wp-json\/wp\/v2\/media\/733"}],"wp:attachment":[{"href":"https:\/\/openobd.com\/fr\/wp-json\/wp\/v2\/media?parent=27"}],"wp:term":[{"taxonomy":"soort-pagina","embeddable":true,"href":"https:\/\/openobd.com\/fr\/wp-json\/wp\/v2\/soort-pagina?post=27"}],"curies":[{"name":"wp","href":"https:\/\/api.w.org\/{rel}","templated":true}]}}